{"id":2943,"date":"2024-04-28T14:54:41","date_gmt":"2024-04-28T12:54:41","guid":{"rendered":"https:\/\/www.eforia.co\/?page_id=2943"},"modified":"2024-04-29T01:02:58","modified_gmt":"2024-04-28T23:02:58","slug":"pharmamad-option-borne","status":"publish","type":"page","link":"https:\/\/www.eforia.co\/index.php\/pharmamad-option-borne\/","title":{"rendered":"PHARMA MAD : Option Borne interactive"},"content":{"rendered":"\t\t<div data-elementor-type=\"wp-page\" data-elementor-id=\"2943\" class=\"elementor elementor-2943\">\n\t\t\t\t<div class=\"elementor-element elementor-element-729fac7 e-flex e-con-boxed elementor-invisible e-con e-parent\" data-id=\"729fac7\" data-element_type=\"container\" data-settings=\"{&quot;animation&quot;:&quot;fadeInUp&quot;}\">\n\t\t\t\t\t<div class=\"e-con-inner\">\n\t\t\t\t<div class=\"elementor-element elementor-element-4b34cb9 elementor-widget elementor-widget-heading\" data-id=\"4b34cb9\" data-element_type=\"widget\" data-widget_type=\"heading.default\">\n\t\t\t\t<div class=\"elementor-widget-container\">\n\t\t\t<style>\/*! elementor - v3.21.0 - 18-04-2024 *\/\n.elementor-heading-title{padding:0;margin:0;line-height:1}.elementor-widget-heading .elementor-heading-title[class*=elementor-size-]>a{color:inherit;font-size:inherit;line-height:inherit}.elementor-widget-heading .elementor-heading-title.elementor-size-small{font-size:15px}.elementor-widget-heading .elementor-heading-title.elementor-size-medium{font-size:19px}.elementor-widget-heading .elementor-heading-title.elementor-size-large{font-size:29px}.elementor-widget-heading .elementor-heading-title.elementor-size-xl{font-size:39px}.elementor-widget-heading .elementor-heading-title.elementor-size-xxl{font-size:59px}<\/style><h2 class=\"elementor-heading-title elementor-size-default\">PHARMA MAD : Option Borne Interactive<\/h2>\t\t<\/div>\n\t\t\t\t<\/div>\n\t\t\t\t\t<\/div>\n\t\t\t\t<\/div>\n\t\t<div class=\"elementor-element elementor-element-eaae152 e-flex e-con-boxed elementor-invisible e-con e-child\" data-id=\"eaae152\" data-element_type=\"container\" data-settings=\"{&quot;animation&quot;:&quot;fadeInUp&quot;,&quot;animation_delay&quot;:500}\">\n\t\t\t\t\t<div class=\"e-con-inner\">\n\t\t\t\t<div class=\"elementor-element elementor-element-4854f83 elementor-widget elementor-widget-heading\" data-id=\"4854f83\" data-element_type=\"widget\" data-widget_type=\"heading.default\">\n\t\t\t\t<div class=\"elementor-widget-container\">\n\t\t\t<h5 class=\"elementor-heading-title elementor-size-default\">En installant une borne interactive dans votre officine, modernisez votre image tout en optimisant l'espace disponible.<\/h5>\t\t<\/div>\n\t\t\t\t<\/div>\n\t\t\t\t\t<\/div>\n\t\t\t\t<\/div>\n\t\t<div class=\"elementor-element elementor-element-087037c e-flex e-con-boxed elementor-invisible e-con e-parent\" data-id=\"087037c\" data-element_type=\"container\" data-settings=\"{&quot;animation&quot;:&quot;fadeIn&quot;,&quot;animation_delay&quot;:1200}\">\n\t\t\t\t\t<div class=\"e-con-inner\">\n\t\t<div class=\"elementor-element elementor-element-e7538b4 e-flex e-con-boxed e-con e-child\" data-id=\"e7538b4\" data-element_type=\"container\">\n\t\t\t\t\t<div class=\"e-con-inner\">\n\t\t<div class=\"elementor-element elementor-element-cb584f2 e-con-full e-flex e-con e-child\" data-id=\"cb584f2\" data-element_type=\"container\">\n\t\t<div class=\"elementor-element elementor-element-cfa44ce e-flex e-con-boxed e-con e-child\" data-id=\"cfa44ce\" data-element_type=\"container\">\n\t\t\t\t\t<div class=\"e-con-inner\">\n\t\t<div class=\"elementor-element elementor-element-ca04ec1 e-con-full e-flex e-con e-child\" data-id=\"ca04ec1\" data-element_type=\"container\">\n\t\t<div class=\"elementor-element elementor-element-feb601f e-con-full e-flex e-con e-child\" data-id=\"feb601f\" data-element_type=\"container\" data-settings=\"{&quot;background_background&quot;:&quot;classic&quot;}\">\n\t\t\t\t<div class=\"elementor-element elementor-element-640888a elementor-widget elementor-widget-heading\" data-id=\"640888a\" data-element_type=\"widget\" data-widget_type=\"heading.default\">\n\t\t\t\t<div class=\"elementor-widget-container\">\n\t\t\t<h2 class=\"elementor-heading-title elementor-size-default\">Pr\u00e9sentation<\/h2>\t\t<\/div>\n\t\t\t\t<\/div>\n\t\t<div class=\"elementor-element elementor-element-69c5c0d e-flex e-con-boxed e-con e-child\" data-id=\"69c5c0d\" data-element_type=\"container\">\n\t\t\t\t\t<div class=\"e-con-inner\">\n\t\t<div class=\"elementor-element elementor-element-c1069f9 e-con-full e-flex e-con e-child\" data-id=\"c1069f9\" data-element_type=\"container\">\n\t\t\t\t<div class=\"elementor-element elementor-element-39cf472 elementor-widget elementor-widget-eael-svg-draw\" data-id=\"39cf472\" data-element_type=\"widget\" data-widget_type=\"eael-svg-draw.default\">\n\t\t\t\t<div class=\"elementor-widget-container\">\n\t\t\t<div class=\"eael-svg-draw-container page-load fill-svg\" data-settings=\"{&quot;fill&quot;:&quot;&quot;,&quot;speed&quot;:&quot;20&quot;,&quot;offset&quot;:&quot;&quot;,&quot;loop&quot;:&quot;yes&quot;,&quot;pause&quot;:&quot;no&quot;,&quot;direction&quot;:&quot;reverse&quot;,&quot;excludeStyle&quot;:&quot;&quot;}\"><svg class='svg-inline--fas-fa-desktop  eael-svg-icon' aria-hidden='true' data-icon='store' role='img' xmlns='http:\/\/www.w3.org\/2000\/svg' viewBox='0 0 576 512' ><path d='M528 0H48C21.5 0 0 21.5 0 48v320c0 26.5 21.5 48 48 48h192l-16 48h-72c-13.3 0-24 10.7-24 24s10.7 24 24 24h272c13.3 0 24-10.7 24-24s-10.7-24-24-24h-72l-16-48h192c26.5 0 48-21.5 48-48V48c0-26.5-21.5-48-48-48zm-16 352H64V64h448v288z'><\/path><\/svg> <\/div>\t\t<\/div>\n\t\t\t\t<\/div>\n\t\t\t\t<\/div>\n\t\t<div class=\"elementor-element elementor-element-ffbec00 e-con-full e-flex e-con e-child\" data-id=\"ffbec00\" data-element_type=\"container\">\n\t\t\t\t<div class=\"elementor-element elementor-element-dc5e9e3 e-transform elementor-widget elementor-widget-eael-svg-draw\" data-id=\"dc5e9e3\" data-element_type=\"widget\" data-settings=\"{&quot;_transform_rotateZ_effect&quot;:{&quot;unit&quot;:&quot;px&quot;,&quot;size&quot;:-45,&quot;sizes&quot;:[]},&quot;_transform_rotateZ_effect_tablet&quot;:{&quot;unit&quot;:&quot;deg&quot;,&quot;size&quot;:&quot;&quot;,&quot;sizes&quot;:[]},&quot;_transform_rotateZ_effect_mobile&quot;:{&quot;unit&quot;:&quot;deg&quot;,&quot;size&quot;:&quot;&quot;,&quot;sizes&quot;:[]}}\" data-widget_type=\"eael-svg-draw.default\">\n\t\t\t\t<div class=\"elementor-widget-container\">\n\t\t\t<div class=\"eael-svg-draw-container page-load fill-svg\" data-settings=\"{&quot;fill&quot;:&quot;&quot;,&quot;speed&quot;:&quot;20&quot;,&quot;offset&quot;:&quot;&quot;,&quot;loop&quot;:&quot;yes&quot;,&quot;pause&quot;:&quot;no&quot;,&quot;direction&quot;:&quot;reverse&quot;,&quot;excludeStyle&quot;:&quot;no&quot;}\"><svg class='svg-inline--fas-fa-hand-pointer  eael-svg-icon' aria-hidden='true' data-icon='store' role='img' xmlns='http:\/\/www.w3.org\/2000\/svg' viewBox='0 0 448 512' ><path d='M448 240v96c0 3.084-.356 6.159-1.063 9.162l-32 136C410.686 499.23 394.562 512 376 512H168a40.004 40.004 0 0 1-32.35-16.473l-127.997-176c-12.993-17.866-9.043-42.883 8.822-55.876 17.867-12.994 42.884-9.043 55.877 8.823L104 315.992V40c0-22.091 17.908-40 40-40s40 17.909 40 40v200h8v-40c0-22.091 17.908-40 40-40s40 17.909 40 40v40h8v-24c0-22.091 17.908-40 40-40s40 17.909 40 40v24h8c0-22.091 17.908-40 40-40s40 17.909 40 40zm-256 80h-8v96h8v-96zm88 0h-8v96h8v-96zm88 0h-8v96h8v-96z'><\/path><\/svg> <\/div>\t\t<\/div>\n\t\t\t\t<\/div>\n\t\t\t\t<\/div>\n\t\t\t\t\t<\/div>\n\t\t\t\t<\/div>\n\t\t\t\t<\/div>\n\t\t\t\t<\/div>\n\t\t<div class=\"elementor-element elementor-element-4af618e e-con-full e-flex e-con e-child\" data-id=\"4af618e\" data-element_type=\"container\">\n\t\t<div class=\"elementor-element elementor-element-d7b59b8 e-con-full e-flex e-con e-child\" data-id=\"d7b59b8\" data-element_type=\"container\">\n\t\t\t\t<div class=\"elementor-element elementor-element-0d9a440 elementor-widget elementor-widget-image\" data-id=\"0d9a440\" data-element_type=\"widget\" data-widget_type=\"image.default\">\n\t\t\t\t<div class=\"elementor-widget-container\">\n\t\t\t<style>\/*! elementor - v3.21.0 - 18-04-2024 *\/\n.elementor-widget-image{text-align:center}.elementor-widget-image a{display:inline-block}.elementor-widget-image a img[src$=\".svg\"]{width:48px}.elementor-widget-image img{vertical-align:middle;display:inline-block}<\/style>\t\t\t\t\t\t\t\t\t\t<img fetchpriority=\"high\" decoding=\"async\" width=\"1024\" height=\"448\" src=\"https:\/\/www.eforia.co\/wp-content\/uploads\/2024\/04\/borne-officine.jpg\" class=\"attachment-full size-full wp-image-2773\" alt=\"\" srcset=\"https:\/\/www.eforia.co\/wp-content\/uploads\/2024\/04\/borne-officine.jpg 1024w, https:\/\/www.eforia.co\/wp-content\/uploads\/2024\/04\/borne-officine-300x131.jpg 300w, https:\/\/www.eforia.co\/wp-content\/uploads\/2024\/04\/borne-officine-768x336.jpg 768w\" sizes=\"(max-width: 1024px) 100vw, 1024px\" \/>\t\t\t\t\t\t\t\t\t\t\t\t\t<\/div>\n\t\t\t\t<\/div>\n\t\t\t\t<\/div>\n\t\t<div class=\"elementor-element elementor-element-680a128 e-flex e-con-boxed e-con e-child\" data-id=\"680a128\" data-element_type=\"container\">\n\t\t\t\t\t<div class=\"e-con-inner\">\n\t\t<div class=\"elementor-element elementor-element-315fce2 e-con-full e-flex e-con e-child\" data-id=\"315fce2\" data-element_type=\"container\">\n\t\t<div class=\"elementor-element elementor-element-734c005 e-con-full e-flex e-con e-child\" data-id=\"734c005\" data-element_type=\"container\">\n\t\t\t\t<div class=\"elementor-element elementor-element-84cf938 elementor-widget elementor-widget-heading\" data-id=\"84cf938\" data-element_type=\"widget\" data-widget_type=\"heading.default\">\n\t\t\t\t<div class=\"elementor-widget-container\">\n\t\t\t<h3 class=\"elementor-heading-title elementor-size-default\">01. Vitrine num\u00e9rique<\/h3>\t\t<\/div>\n\t\t\t\t<\/div>\n\t\t\t\t<\/div>\n\t\t<div class=\"elementor-element elementor-element-a58858a e-flex e-con-boxed e-con e-child\" data-id=\"a58858a\" data-element_type=\"container\">\n\t\t\t\t\t<div class=\"e-con-inner\">\n\t\t\t\t<div class=\"elementor-element elementor-element-25c4b40 elementor-widget elementor-widget-text-editor\" data-id=\"25c4b40\" data-element_type=\"widget\" data-widget_type=\"text-editor.default\">\n\t\t\t\t<div class=\"elementor-widget-container\">\n\t\t\t<style>\/*! elementor - v3.21.0 - 18-04-2024 *\/\n.elementor-widget-text-editor.elementor-drop-cap-view-stacked .elementor-drop-cap{background-color:#69727d;color:#fff}.elementor-widget-text-editor.elementor-drop-cap-view-framed .elementor-drop-cap{color:#69727d;border:3px solid;background-color:transparent}.elementor-widget-text-editor:not(.elementor-drop-cap-view-default) .elementor-drop-cap{margin-top:8px}.elementor-widget-text-editor:not(.elementor-drop-cap-view-default) .elementor-drop-cap-letter{width:1em;height:1em}.elementor-widget-text-editor .elementor-drop-cap{float:left;text-align:center;line-height:1;font-size:50px}.elementor-widget-text-editor .elementor-drop-cap-letter{display:inline-block}<\/style>\t\t\t\t<p style=\"text-align: justify;\">Utilisez la borne pour <strong>pr\u00e9senter l&rsquo;\u00e9tendue de votre gamme MAD<\/strong> via un <strong>film personnalisable<\/strong>.<\/p><p>La <strong>diffusion de votre offre en continu<\/strong> permet d&rsquo;<strong>informer votre client\u00e8le tout en optimisant leur temps d&rsquo;attente<\/strong>.<\/p><p>De plus, vous pouvez ainsi <strong>r\u00e9organiser l&rsquo;espace disponible<\/strong> en r\u00e9duisant drastiquement la surface de votre officine destin\u00e9e \u00e0 l&rsquo;exposition de dispositifs parfois encombrants.<\/p>\t\t\t\t\t\t<\/div>\n\t\t\t\t<\/div>\n\t\t\t\t\t<\/div>\n\t\t\t\t<\/div>\n\t\t\t\t<\/div>\n\t\t<div class=\"elementor-element elementor-element-5ca345b e-con-full e-flex e-con e-child\" data-id=\"5ca345b\" data-element_type=\"container\">\n\t\t\t\t<div class=\"elementor-element elementor-element-62fca63 elementor-widget elementor-widget-image\" data-id=\"62fca63\" data-element_type=\"widget\" data-widget_type=\"image.default\">\n\t\t\t\t<div class=\"elementor-widget-container\">\n\t\t\t\t\t\t\t\t\t\t\t\t\t<img decoding=\"async\" width=\"51\" height=\"24\" src=\"https:\/\/www.eforia.co\/wp-content\/uploads\/2024\/04\/arrow-green2.svg\" class=\"attachment-full size-full wp-image-2598\" alt=\"\" \/>\t\t\t\t\t\t\t\t\t\t\t\t\t<\/div>\n\t\t\t\t<\/div>\n\t\t\t\t<\/div>\n\t\t<div class=\"elementor-element elementor-element-3892c40 e-con-full e-flex e-con e-child\" data-id=\"3892c40\" data-element_type=\"container\" data-settings=\"{&quot;background_background&quot;:&quot;slideshow&quot;,&quot;background_slideshow_gallery&quot;:[],&quot;background_slideshow_loop&quot;:&quot;yes&quot;,&quot;background_slideshow_slide_duration&quot;:5000,&quot;background_slideshow_slide_transition&quot;:&quot;fade&quot;,&quot;background_slideshow_transition_duration&quot;:500}\">\n\t\t\t\t<div class=\"elementor-element elementor-element-251b04f elementor-widget elementor-widget-image\" data-id=\"251b04f\" data-element_type=\"widget\" data-widget_type=\"image.default\">\n\t\t\t\t<div class=\"elementor-widget-container\">\n\t\t\t\t\t\t\t\t\t\t\t\t\t\t<a href=\"https:\/\/www.eforia.co\/wp-content\/uploads\/2024\/04\/borne-film.jpg\" data-elementor-open-lightbox=\"yes\" data-elementor-lightbox-title=\"Modernisez votre image\" data-e-action-hash=\"#elementor-action%3Aaction%3Dlightbox%26settings%3DeyJpZCI6Mjk3OCwidXJsIjoiaHR0cHM6XC9cL3d3dy5lZm9yaWEuY29cL3dwLWNvbnRlbnRcL3VwbG9hZHNcLzIwMjRcLzA0XC9ib3JuZS1maWxtLmpwZyJ9\">\n\t\t\t\t\t\t\t<img decoding=\"async\" width=\"800\" height=\"600\" src=\"https:\/\/www.eforia.co\/wp-content\/uploads\/2024\/04\/borne-film.jpg\" class=\"attachment-large size-large wp-image-2978\" alt=\"\" srcset=\"https:\/\/www.eforia.co\/wp-content\/uploads\/2024\/04\/borne-film.jpg 800w, https:\/\/www.eforia.co\/wp-content\/uploads\/2024\/04\/borne-film-300x225.jpg 300w, https:\/\/www.eforia.co\/wp-content\/uploads\/2024\/04\/borne-film-768x576.jpg 768w\" sizes=\"(max-width: 800px) 100vw, 800px\" \/>\t\t\t\t\t\t\t\t<\/a>\n\t\t\t\t\t\t\t\t\t\t\t\t\t<\/div>\n\t\t\t\t<\/div>\n\t\t\t\t<\/div>\n\t\t\t\t\t<\/div>\n\t\t\t\t<\/div>\n\t\t<div class=\"elementor-element elementor-element-3393525 e-flex e-con-boxed e-con e-child\" data-id=\"3393525\" data-element_type=\"container\">\n\t\t\t\t\t<div class=\"e-con-inner\">\n\t\t<div class=\"elementor-element elementor-element-4b209ab e-con-full e-flex e-con e-child\" data-id=\"4b209ab\" data-element_type=\"container\">\n\t\t<div class=\"elementor-element elementor-element-962557d e-con-full e-flex e-con e-child\" data-id=\"962557d\" data-element_type=\"container\">\n\t\t\t\t<div class=\"elementor-element elementor-element-74d51d5 elementor-widget elementor-widget-heading\" data-id=\"74d51d5\" data-element_type=\"widget\" data-widget_type=\"heading.default\">\n\t\t\t\t<div class=\"elementor-widget-container\">\n\t\t\t<h3 class=\"elementor-heading-title elementor-size-default\">02. Espace d\u00e9di\u00e9 aux audits<\/h3>\t\t<\/div>\n\t\t\t\t<\/div>\n\t\t\t\t<\/div>\n\t\t<div class=\"elementor-element elementor-element-47763f4 e-flex e-con-boxed e-con e-child\" data-id=\"47763f4\" data-element_type=\"container\">\n\t\t\t\t\t<div class=\"e-con-inner\">\n\t\t\t\t<div class=\"elementor-element elementor-element-2fd1703 elementor-widget elementor-widget-text-editor\" data-id=\"2fd1703\" data-element_type=\"widget\" data-widget_type=\"text-editor.default\">\n\t\t\t\t<div class=\"elementor-widget-container\">\n\t\t\t\t\t\t\t<p>Conduisez vos audits depuis la borne sur un <strong>confortable<\/strong> <strong>\u00e9cran tactile de 24 pouces<\/strong> pour ainsi pouvoir partager une <strong>meilleure proximit\u00e9<\/strong> avec le patient ou son aidant.<\/p><p>A l&rsquo;issue de l&rsquo;audit, si vous souhaitez l&rsquo;imprimer, envoyez-le \u00e0 l&rsquo;imprimante de l&rsquo;officine via le r\u00e9seau wifi.<\/p>\t\t\t\t\t\t<\/div>\n\t\t\t\t<\/div>\n\t\t\t\t\t<\/div>\n\t\t\t\t<\/div>\n\t\t\t\t<\/div>\n\t\t<div class=\"elementor-element elementor-element-2a83d08 e-con-full e-flex e-con e-child\" data-id=\"2a83d08\" data-element_type=\"container\">\n\t\t\t\t<div class=\"elementor-element elementor-element-cecfbf9 e-transform elementor-invisible elementor-widget elementor-widget-image\" data-id=\"cecfbf9\" data-element_type=\"widget\" data-settings=\"{&quot;_transform_flipX_effect&quot;:&quot;transform&quot;,&quot;_animation&quot;:&quot;wobble&quot;}\" data-widget_type=\"image.default\">\n\t\t\t\t<div class=\"elementor-widget-container\">\n\t\t\t\t\t\t\t\t\t\t\t\t\t<img decoding=\"async\" width=\"51\" height=\"24\" src=\"https:\/\/www.eforia.co\/wp-content\/uploads\/2024\/04\/arrow-green2.svg\" class=\"attachment-full size-full wp-image-2598\" alt=\"\" \/>\t\t\t\t\t\t\t\t\t\t\t\t\t<\/div>\n\t\t\t\t<\/div>\n\t\t\t\t<\/div>\n\t\t<div class=\"elementor-element elementor-element-545f9d6 e-con-full e-flex e-con e-child\" data-id=\"545f9d6\" data-element_type=\"container\">\n\t\t\t\t<div class=\"elementor-element elementor-element-296a2b6 elementor-widget elementor-widget-image\" data-id=\"296a2b6\" data-element_type=\"widget\" data-widget_type=\"image.default\">\n\t\t\t\t<div class=\"elementor-widget-container\">\n\t\t\t\t\t\t\t\t\t\t\t\t\t\t<a href=\"https:\/\/www.eforia.co\/wp-content\/uploads\/2024\/04\/borne-dos.jpg\" data-elementor-open-lightbox=\"yes\" data-elementor-lightbox-title=\"Borne interactive en officine\" data-e-action-hash=\"#elementor-action%3Aaction%3Dlightbox%26settings%3DeyJpZCI6Mjk5NywidXJsIjoiaHR0cHM6XC9cL3d3dy5lZm9yaWEuY29cL3dwLWNvbnRlbnRcL3VwbG9hZHNcLzIwMjRcLzA0XC9ib3JuZS1kb3MuanBnIn0%3D\">\n\t\t\t\t\t\t\t<img loading=\"lazy\" decoding=\"async\" width=\"533\" height=\"400\" src=\"https:\/\/www.eforia.co\/wp-content\/uploads\/2024\/04\/borne-dos.jpg\" class=\"attachment-medium_large size-medium_large wp-image-2997\" alt=\"\" srcset=\"https:\/\/www.eforia.co\/wp-content\/uploads\/2024\/04\/borne-dos.jpg 533w, https:\/\/www.eforia.co\/wp-content\/uploads\/2024\/04\/borne-dos-300x225.jpg 300w\" sizes=\"(max-width: 533px) 100vw, 533px\" \/>\t\t\t\t\t\t\t\t<\/a>\n\t\t\t\t\t\t\t\t\t\t\t\t\t<\/div>\n\t\t\t\t<\/div>\n\t\t\t\t<\/div>\n\t\t\t\t\t<\/div>\n\t\t\t\t<\/div>\n\t\t\t\t<\/div>\n\t\t\t\t\t<\/div>\n\t\t\t\t<\/div>\n\t\t\t\t<\/div>\n\t\t\t\t\t<\/div>\n\t\t\t\t<\/div>\n\t\t\t\t\t<\/div>\n\t\t\t\t<\/div>\n\t\t<div class=\"elementor-element elementor-element-c8e5aad e-flex e-con-boxed elementor-invisible e-con e-parent\" data-id=\"c8e5aad\" data-element_type=\"container\" data-settings=\"{&quot;animation&quot;:&quot;fadeIn&quot;}\">\n\t\t\t\t\t<div class=\"e-con-inner\">\n\t\t<div class=\"elementor-element elementor-element-4fb4498 e-con-full e-flex e-con e-child\" data-id=\"4fb4498\" data-element_type=\"container\">\n\t\t\t\t<div class=\"elementor-element elementor-element-214c6d4 elementor-align-center elementor-invisible elementor-widget elementor-widget-button\" data-id=\"214c6d4\" data-element_type=\"widget\" data-settings=\"{&quot;_animation&quot;:&quot;slideInRight&quot;,&quot;_animation_delay&quot;:500}\" data-widget_type=\"button.default\">\n\t\t\t\t<div class=\"elementor-widget-container\">\n\t\t\t\t\t<div class=\"elementor-button-wrapper\">\n\t\t\t<a class=\"elementor-button elementor-button-link elementor-size-sm elementor-animation-grow\" href=\"https:\/\/www.eforia.co\/index.php\/pharmamad-au-coeur-du-maintien-a-domicile\/\">\n\t\t\t\t\t\t<span class=\"elementor-button-content-wrapper\">\n\t\t\t\t\t\t<span class=\"elementor-button-icon elementor-align-icon-left\">\n\t\t\t\t<svg aria-hidden=\"true\" class=\"e-font-icon-svg e-fas-arrow-alt-circle-left\" viewBox=\"0 0 512 512\" xmlns=\"http:\/\/www.w3.org\/2000\/svg\"><path d=\"M256 504C119 504 8 393 8 256S119 8 256 8s248 111 248 248-111 248-248 248zm116-292H256v-70.9c0-10.7-13-16.1-20.5-8.5L121.2 247.5c-4.7 4.7-4.7 12.2 0 16.9l114.3 114.9c7.6 7.6 20.5 2.2 20.5-8.5V300h116c6.6 0 12-5.4 12-12v-64c0-6.6-5.4-12-12-12z\"><\/path><\/svg>\t\t\t<\/span>\n\t\t\t\t\t\t\t\t\t<span class=\"elementor-button-text\">Retour \u00e0 PHARMA MAD<\/span>\n\t\t\t\t\t<\/span>\n\t\t\t\t\t<\/a>\n\t\t<\/div>\n\t\t\t\t<\/div>\n\t\t\t\t<\/div>\n\t\t\t\t<\/div>\n\t\t<div class=\"elementor-element elementor-element-e3077d1 e-con-full e-flex e-con e-child\" data-id=\"e3077d1\" data-element_type=\"container\">\n\t\t\t\t<div class=\"elementor-element elementor-element-650faf4 elementor-align-center elementor-invisible elementor-widget elementor-widget-button\" data-id=\"650faf4\" data-element_type=\"widget\" data-settings=\"{&quot;_animation&quot;:&quot;slideInLeft&quot;,&quot;_animation_delay&quot;:500}\" data-widget_type=\"button.default\">\n\t\t\t\t<div class=\"elementor-widget-container\">\n\t\t\t\t\t<div class=\"elementor-button-wrapper\">\n\t\t\t<a class=\"elementor-button elementor-button-link elementor-size-sm elementor-animation-grow\" href=\"https:\/\/www.eforia.co\/index.php\/pharmamad-option-store\/\">\n\t\t\t\t\t\t<span class=\"elementor-button-content-wrapper\">\n\t\t\t\t\t\t<span class=\"elementor-button-icon elementor-align-icon-right\">\n\t\t\t\t<svg aria-hidden=\"true\" class=\"e-font-icon-svg e-fas-arrow-circle-right\" viewBox=\"0 0 512 512\" xmlns=\"http:\/\/www.w3.org\/2000\/svg\"><path d=\"M256 8c137 0 248 111 248 248S393 504 256 504 8 393 8 256 119 8 256 8zm-28.9 143.6l75.5 72.4H120c-13.3 0-24 10.7-24 24v16c0 13.3 10.7 24 24 24h182.6l-75.5 72.4c-9.7 9.3-9.9 24.8-.4 34.3l11 10.9c9.4 9.4 24.6 9.4 33.9 0L404.3 273c9.4-9.4 9.4-24.6 0-33.9L271.6 106.3c-9.4-9.4-24.6-9.4-33.9 0l-11 10.9c-9.5 9.6-9.3 25.1.4 34.4z\"><\/path><\/svg>\t\t\t<\/span>\n\t\t\t\t\t\t\t\t\t<span class=\"elementor-button-text\">Option STORE<\/span>\n\t\t\t\t\t<\/span>\n\t\t\t\t\t<\/a>\n\t\t<\/div>\n\t\t\t\t<\/div>\n\t\t\t\t<\/div>\n\t\t\t\t<\/div>\n\t\t\t\t\t<\/div>\n\t\t\t\t<\/div>\n\t\t\t\t<\/div>\n\t\t","protected":false},"excerpt":{"rendered":"<p>PHARMA MAD : Option Borne Interactive En installant une borne interactive dans votre officine, modernisez votre image tout en optimisant l&rsquo;espace disponible. Pr\u00e9sentation 01. Vitrine num\u00e9rique Utilisez la borne pour pr\u00e9senter l&rsquo;\u00e9tendue de votre gamme MAD via un film personnalisable. La diffusion de votre offre en continu permet d&rsquo;informer votre client\u00e8le tout en optimisant leur [&hellip;]<\/p>\n","protected":false},"author":1,"featured_media":0,"parent":0,"menu_order":0,"comment_status":"closed","ping_status":"closed","template":"","meta":{"footnotes":""},"folder":[15],"blocksy_meta":[],"_links":{"self":[{"href":"https:\/\/www.eforia.co\/index.php\/wp-json\/wp\/v2\/pages\/2943"}],"collection":[{"href":"https:\/\/www.eforia.co\/index.php\/wp-json\/wp\/v2\/pages"}],"about":[{"href":"https:\/\/www.eforia.co\/index.php\/wp-json\/wp\/v2\/types\/page"}],"author":[{"embeddable":true,"href":"https:\/\/www.eforia.co\/index.php\/wp-json\/wp\/v2\/users\/1"}],"replies":[{"embeddable":true,"href":"https:\/\/www.eforia.co\/index.php\/wp-json\/wp\/v2\/comments?post=2943"}],"version-history":[{"count":73,"href":"https:\/\/www.eforia.co\/index.php\/wp-json\/wp\/v2\/pages\/2943\/revisions"}],"predecessor-version":[{"id":3198,"href":"https:\/\/www.eforia.co\/index.php\/wp-json\/wp\/v2\/pages\/2943\/revisions\/3198"}],"wp:attachment":[{"href":"https:\/\/www.eforia.co\/index.php\/wp-json\/wp\/v2\/media?parent=2943"}],"wp:term":[{"taxonomy":"folder","embeddable":true,"href":"https:\/\/www.eforia.co\/index.php\/wp-json\/wp\/v2\/folder?post=2943"}],"curies":[{"name":"wp","href":"https:\/\/api.w.org\/{rel}","templated":true}]}}